{"id":4856,"date":"2020-05-16T11:46:15","date_gmt":"2020-05-16T09:46:15","guid":{"rendered":"https:\/\/my-aquaexperience.com\/my-sessions\/"},"modified":"2025-04-07T16:15:52","modified_gmt":"2025-04-07T14:15:52","slug":"my-sessions","status":"publish","type":"page","link":"https:\/\/my-aquaexperience.com\/en\/my-sessions\/","title":{"rendered":"My sessions"},"content":{"rendered":"<div class=\"mp_wrapper\">\n  <div class=\"mepr-unauthorized-message\">\n    <h3>Vous n'\u00eates pas autoris\u00e9 \u00e0 acc\u00e9der \u00e0 cette page.<\/h3>\n<p>&nbsp;<\/p>\n<p><strong>Vous n'avez pas d'abonnement ? Ou votre abonnement est arr\u00eat\u00e9, pour le renouveler allez sur <a href=\"https:\/\/my-aquaexperience.com\/account\/\">votre compte<\/a> puis dans l'onglet <em>Abonnement<\/em>.<\/strong><\/p>\n<p><strong>Pour vous abonnez, rendez-vous ici : <a href=\"https:\/\/my-aquaexperience.com\/sinscrire\/\">S'inscrire<\/a><\/strong><\/p>\n<p>A bient\u00f4t sur My Aqua Experience.<\/p>\n  <\/div>\n  <div class=\"mepr-login-form-wrap\">\n      <\/div>\n<\/div>\n","protected":false},"excerpt":{"rendered":"<p>Vous n&#8217;\u00eates pas autoris\u00e9 \u00e0 acc\u00e9der \u00e0 cette page. &nbsp; Vous n&#8217;avez pas d&#8217;abonnement ? Ou votre abonnement est arr\u00eat\u00e9, pour le renouveler allez sur votre compte puis dans l&#8217;onglet Abonnement. Pour vous abonnez, rendez-vous ici : S&#8217;inscrire A bient\u00f4t sur My Aqua Experience.<\/p>\n","protected":false},"author":1,"featured_media":0,"parent":0,"menu_order":0,"comment_status":"closed","ping_status":"closed","template":"","meta":{"_acf_changed":false,"footnotes":""},"class_list":["post-4856","page","type-page","status-publish","hentry"],"acf":[],"yoast_head":"<!-- This site is optimized with the Yoast SEO plugin v26.8 - https:\/\/yoast.com\/product\/yoast-seo-wordpress\/ -->\n<title>My sessions - My Aqua Experience<\/title>\n<meta name=\"description\" content=\"Choose from all our digital courses and create your own tailor-made aquatic sessions, according to your needs and level...\" \/>\n<meta name=\"robots\" content=\"noindex, nofollow\" \/>\n<meta property=\"og:locale\" content=\"en_US\" \/>\n<meta property=\"og:type\" content=\"article\" \/>\n<meta property=\"og:title\" content=\"My sessions - My Aqua Experience\" \/>\n<meta property=\"og:description\" content=\"Choose from all our digital courses and create your own tailor-made aquatic sessions, according to your needs and level...\" \/>\n<meta property=\"og:url\" content=\"https:\/\/my-aquaexperience.com\/en\/my-sessions\/\" \/>\n<meta property=\"og:site_name\" content=\"My Aqua Experience\" \/>\n<meta property=\"article:modified_time\" content=\"2025-04-07T14:15:52+00:00\" \/>\n<meta name=\"twitter:card\" content=\"summary_large_image\" \/>\n<script type=\"application\/ld+json\" class=\"yoast-schema-graph\">{\"@context\":\"https:\/\/schema.org\",\"@graph\":[{\"@type\":\"WebPage\",\"@id\":\"https:\/\/my-aquaexperience.com\/en\/my-sessions\/\",\"url\":\"https:\/\/my-aquaexperience.com\/en\/my-sessions\/\",\"name\":\"My sessions - My Aqua Experience\",\"isPartOf\":{\"@id\":\"https:\/\/my-aquaexperience.com\/en\/#website\"},\"datePublished\":\"2020-05-16T09:46:15+00:00\",\"dateModified\":\"2025-04-07T14:15:52+00:00\",\"description\":\"Choose from all our digital courses and create your own tailor-made aquatic sessions, according to your needs and level...\",\"breadcrumb\":{\"@id\":\"https:\/\/my-aquaexperience.com\/en\/my-sessions\/#breadcrumb\"},\"inLanguage\":\"en-US\",\"potentialAction\":[{\"@type\":\"ReadAction\",\"target\":[\"https:\/\/my-aquaexperience.com\/en\/my-sessions\/\"]}]},{\"@type\":\"BreadcrumbList\",\"@id\":\"https:\/\/my-aquaexperience.com\/en\/my-sessions\/#breadcrumb\",\"itemListElement\":[{\"@type\":\"ListItem\",\"position\":1,\"name\":\"Accueil\",\"item\":\"https:\/\/my-aquaexperience.com\/en\/\"},{\"@type\":\"ListItem\",\"position\":2,\"name\":\"My sessions\"}]},{\"@type\":\"WebSite\",\"@id\":\"https:\/\/my-aquaexperience.com\/en\/#website\",\"url\":\"https:\/\/my-aquaexperience.com\/en\/\",\"name\":\"My Aqua Experience\",\"description\":\"Coaching aquatique\",\"potentialAction\":[{\"@type\":\"SearchAction\",\"target\":{\"@type\":\"EntryPoint\",\"urlTemplate\":\"https:\/\/my-aquaexperience.com\/en\/?s={search_term_string}\"},\"query-input\":{\"@type\":\"PropertyValueSpecification\",\"valueRequired\":true,\"valueName\":\"search_term_string\"}}],\"inLanguage\":\"en-US\"}]}<\/script>\n<!-- \/ Yoast SEO plugin. -->","yoast_head_json":{"title":"My sessions - My Aqua Experience","description":"Choose from all our digital courses and create your own tailor-made aquatic sessions, according to your needs and level...","robots":{"index":"noindex","follow":"nofollow"},"og_locale":"en_US","og_type":"article","og_title":"My sessions - My Aqua Experience","og_description":"Choose from all our digital courses and create your own tailor-made aquatic sessions, according to your needs and level...","og_url":"https:\/\/my-aquaexperience.com\/en\/my-sessions\/","og_site_name":"My Aqua Experience","article_modified_time":"2025-04-07T14:15:52+00:00","twitter_card":"summary_large_image","schema":{"@context":"https:\/\/schema.org","@graph":[{"@type":"WebPage","@id":"https:\/\/my-aquaexperience.com\/en\/my-sessions\/","url":"https:\/\/my-aquaexperience.com\/en\/my-sessions\/","name":"My sessions - My Aqua Experience","isPartOf":{"@id":"https:\/\/my-aquaexperience.com\/en\/#website"},"datePublished":"2020-05-16T09:46:15+00:00","dateModified":"2025-04-07T14:15:52+00:00","description":"Choose from all our digital courses and create your own tailor-made aquatic sessions, according to your needs and level...","breadcrumb":{"@id":"https:\/\/my-aquaexperience.com\/en\/my-sessions\/#breadcrumb"},"inLanguage":"en-US","potentialAction":[{"@type":"ReadAction","target":["https:\/\/my-aquaexperience.com\/en\/my-sessions\/"]}]},{"@type":"BreadcrumbList","@id":"https:\/\/my-aquaexperience.com\/en\/my-sessions\/#breadcrumb","itemListElement":[{"@type":"ListItem","position":1,"name":"Accueil","item":"https:\/\/my-aquaexperience.com\/en\/"},{"@type":"ListItem","position":2,"name":"My sessions"}]},{"@type":"WebSite","@id":"https:\/\/my-aquaexperience.com\/en\/#website","url":"https:\/\/my-aquaexperience.com\/en\/","name":"My Aqua Experience","description":"Coaching aquatique","potentialAction":[{"@type":"SearchAction","target":{"@type":"EntryPoint","urlTemplate":"https:\/\/my-aquaexperience.com\/en\/?s={search_term_string}"},"query-input":{"@type":"PropertyValueSpecification","valueRequired":true,"valueName":"search_term_string"}}],"inLanguage":"en-US"}]}},"_links":{"self":[{"href":"https:\/\/my-aquaexperience.com\/en\/wp-json\/wp\/v2\/pages\/4856","targetHints":{"allow":["GET"]}}],"collection":[{"href":"https:\/\/my-aquaexperience.com\/en\/wp-json\/wp\/v2\/pages"}],"about":[{"href":"https:\/\/my-aquaexperience.com\/en\/wp-json\/wp\/v2\/types\/page"}],"author":[{"embeddable":true,"href":"https:\/\/my-aquaexperience.com\/en\/wp-json\/wp\/v2\/users\/1"}],"replies":[{"embeddable":true,"href":"https:\/\/my-aquaexperience.com\/en\/wp-json\/wp\/v2\/comments?post=4856"}],"version-history":[{"count":1,"href":"https:\/\/my-aquaexperience.com\/en\/wp-json\/wp\/v2\/pages\/4856\/revisions"}],"predecessor-version":[{"id":4857,"href":"https:\/\/my-aquaexperience.com\/en\/wp-json\/wp\/v2\/pages\/4856\/revisions\/4857"}],"wp:attachment":[{"href":"https:\/\/my-aquaexperience.com\/en\/wp-json\/wp\/v2\/media?parent=4856"}],"curies":[{"name":"wp","href":"https:\/\/api.w.org\/{rel}","templated":true}]}}